{"id":6358,"date":"2024-09-29T04:42:02","date_gmt":"2024-09-29T02:42:02","guid":{"rendered":"https:\/\/www.fingerfoodaffair.ch\/shop\/product\/cremige-kuerbis-suppe\/"},"modified":"2025-03-10T10:45:46","modified_gmt":"2025-03-10T09:45:46","slug":"cremige-kuerbis-suppe","status":"publish","type":"product","link":"https:\/\/www.fingerfoodaffair.ch\/shop\/product\/cremige-kuerbis-suppe\/","title":{"rendered":"warme cremige K\u00fcrbis-Suppe"},"content":{"rendered":"<p>4 dl cremige K\u00fcrbissuppe vom Hokkaido K\u00fcrbis, verfeinert mit K\u00fcrbiskern\u00f6l und ger\u00f6steten K\u00fcrbiskernen<\/p>\n","protected":false},"excerpt":{"rendered":"<p>4 dl cremige K\u00fcrbissuppe vom Hokkaido K\u00fcrbis, verfeinert mit K\u00fcrbiskern\u00f6l und ger\u00f6steten K\u00fcrbiskernen<\/p>\n","protected":false},"featured_media":0,"comment_status":"closed","ping_status":"closed","template":"","meta":{"_acf_changed":false},"product_brand":[],"product_cat":[323],"product_tag":[],"food_declaration":[],"class_list":{"0":"post-6358","1":"product","2":"type-product","3":"status-publish","5":"product_cat-suppen","6":"pa_zutaten-gewuerze","7":"pa_zutaten-kuerbis","8":"pa_zutaten-oel","9":"pa_zutaten-salz","11":"first","12":"instock","13":"shipping-taxable","14":"purchasable","15":"product-type-simple"},"acf":[],"_links":{"self":[{"href":"https:\/\/www.fingerfoodaffair.ch\/shop\/wp-json\/wp\/v2\/product\/6358"}],"collection":[{"href":"https:\/\/www.fingerfoodaffair.ch\/shop\/wp-json\/wp\/v2\/product"}],"about":[{"href":"https:\/\/www.fingerfoodaffair.ch\/shop\/wp-json\/wp\/v2\/types\/product"}],"replies":[{"embeddable":true,"href":"https:\/\/www.fingerfoodaffair.ch\/shop\/wp-json\/wp\/v2\/comments?post=6358"}],"wp:attachment":[{"href":"https:\/\/www.fingerfoodaffair.ch\/shop\/wp-json\/wp\/v2\/media?parent=6358"}],"wp:term":[{"taxonomy":"product_brand","embeddable":true,"href":"https:\/\/www.fingerfoodaffair.ch\/shop\/wp-json\/wp\/v2\/product_brand?post=6358"},{"taxonomy":"product_cat","embeddable":true,"href":"https:\/\/www.fingerfoodaffair.ch\/shop\/wp-json\/wp\/v2\/product_cat?post=6358"},{"taxonomy":"product_tag","embeddable":true,"href":"https:\/\/www.fingerfoodaffair.ch\/shop\/wp-json\/wp\/v2\/product_tag?post=6358"},{"taxonomy":"food_declaration","embeddable":true,"href":"https:\/\/www.fingerfoodaffair.ch\/shop\/wp-json\/wp\/v2\/food_declaration?post=6358"}],"curies":[{"name":"wp","href":"https:\/\/api.w.org\/{rel}","templated":true}]}}