{"id":6262,"date":"2020-05-07T12:17:25","date_gmt":"2020-05-07T10:17:25","guid":{"rendered":"https:\/\/www.fingerfoodaffair.ch\/shop\/product\/linzerschnitte\/"},"modified":"2024-11-12T10:24:34","modified_gmt":"2024-11-12T09:24:34","slug":"linzerschnitte","status":"publish","type":"product","link":"https:\/\/www.fingerfoodaffair.ch\/shop\/product\/linzerschnitte\/","title":{"rendered":"Linzerschnitte"},"content":{"rendered":"<p>\u00f6sterreichische Spezialit\u00e4t mit Haseln\u00fcssen und Himbeer-\/Johannisbeermarmelade<\/p>\n","protected":false},"excerpt":{"rendered":"<p>\u00f6sterreichische Spezialit\u00e4t mit Haseln\u00fcssen und Himbeer-\/Johannisbeermarmelade<\/p>\n","protected":false},"featured_media":6253,"comment_status":"closed","ping_status":"open","template":"","meta":{"_acf_changed":false},"product_brand":[],"product_cat":[263],"product_tag":[],"food_declaration":[],"class_list":{"0":"post-6262","1":"product","2":"type-product","3":"status-publish","4":"has-post-thumbnail","6":"product_cat-suesses","8":"first","9":"instock","10":"shipping-taxable","11":"purchasable","12":"product-type-simple"},"acf":[],"_links":{"self":[{"href":"https:\/\/www.fingerfoodaffair.ch\/shop\/wp-json\/wp\/v2\/product\/6262"}],"collection":[{"href":"https:\/\/www.fingerfoodaffair.ch\/shop\/wp-json\/wp\/v2\/product"}],"about":[{"href":"https:\/\/www.fingerfoodaffair.ch\/shop\/wp-json\/wp\/v2\/types\/product"}],"replies":[{"embeddable":true,"href":"https:\/\/www.fingerfoodaffair.ch\/shop\/wp-json\/wp\/v2\/comments?post=6262"}],"wp:featuredmedia":[{"embeddable":true,"href":"https:\/\/www.fingerfoodaffair.ch\/shop\/wp-json\/wp\/v2\/media\/6253"}],"wp:attachment":[{"href":"https:\/\/www.fingerfoodaffair.ch\/shop\/wp-json\/wp\/v2\/media?parent=6262"}],"wp:term":[{"taxonomy":"product_brand","embeddable":true,"href":"https:\/\/www.fingerfoodaffair.ch\/shop\/wp-json\/wp\/v2\/product_brand?post=6262"},{"taxonomy":"product_cat","embeddable":true,"href":"https:\/\/www.fingerfoodaffair.ch\/shop\/wp-json\/wp\/v2\/product_cat?post=6262"},{"taxonomy":"product_tag","embeddable":true,"href":"https:\/\/www.fingerfoodaffair.ch\/shop\/wp-json\/wp\/v2\/product_tag?post=6262"},{"taxonomy":"food_declaration","embeddable":true,"href":"https:\/\/www.fingerfoodaffair.ch\/shop\/wp-json\/wp\/v2\/food_declaration?post=6262"}],"curies":[{"name":"wp","href":"https:\/\/api.w.org\/{rel}","templated":true}]}}