{"id":6240,"date":"2020-05-07T11:57:45","date_gmt":"2020-05-07T09:57:45","guid":{"rendered":"https:\/\/www.fingerfoodaffair.ch\/shop\/product\/rueblisuppe-mit-ingwer\/"},"modified":"2025-02-07T13:48:47","modified_gmt":"2025-02-07T12:48:47","slug":"rueblisuppe-mit-ingwer","status":"publish","type":"product","link":"https:\/\/www.fingerfoodaffair.ch\/shop\/product\/rueblisuppe-mit-ingwer\/","title":{"rendered":"R\u00fcblisuppe mit Ingwer"},"content":{"rendered":"<p>gesunde Suppe f\u00fcr kalte Tage mit viel Geschmack von Karotten und Ingwer, dazu ein Br\u00f6tchen<\/p>\n","protected":false},"excerpt":{"rendered":"<p>gesunde Suppe f\u00fcr kalte Tage mit viel Geschmack von Karotten und Ingwer, dazu ein Br\u00f6tchen<\/p>\n","protected":false},"featured_media":0,"comment_status":"closed","ping_status":"closed","template":"","meta":{"_acf_changed":false},"product_brand":[],"product_cat":[230],"product_tag":[],"food_declaration":[],"class_list":{"0":"post-6240","1":"product","2":"type-product","3":"status-publish","5":"product_cat-kaltes-finger-food","7":"first","8":"instock","9":"shipping-taxable","10":"purchasable","11":"product-type-simple"},"acf":[],"_links":{"self":[{"href":"https:\/\/www.fingerfoodaffair.ch\/shop\/wp-json\/wp\/v2\/product\/6240"}],"collection":[{"href":"https:\/\/www.fingerfoodaffair.ch\/shop\/wp-json\/wp\/v2\/product"}],"about":[{"href":"https:\/\/www.fingerfoodaffair.ch\/shop\/wp-json\/wp\/v2\/types\/product"}],"replies":[{"embeddable":true,"href":"https:\/\/www.fingerfoodaffair.ch\/shop\/wp-json\/wp\/v2\/comments?post=6240"}],"wp:attachment":[{"href":"https:\/\/www.fingerfoodaffair.ch\/shop\/wp-json\/wp\/v2\/media?parent=6240"}],"wp:term":[{"taxonomy":"product_brand","embeddable":true,"href":"https:\/\/www.fingerfoodaffair.ch\/shop\/wp-json\/wp\/v2\/product_brand?post=6240"},{"taxonomy":"product_cat","embeddable":true,"href":"https:\/\/www.fingerfoodaffair.ch\/shop\/wp-json\/wp\/v2\/product_cat?post=6240"},{"taxonomy":"product_tag","embeddable":true,"href":"https:\/\/www.fingerfoodaffair.ch\/shop\/wp-json\/wp\/v2\/product_tag?post=6240"},{"taxonomy":"food_declaration","embeddable":true,"href":"https:\/\/www.fingerfoodaffair.ch\/shop\/wp-json\/wp\/v2\/food_declaration?post=6240"}],"curies":[{"name":"wp","href":"https:\/\/api.w.org\/{rel}","templated":true}]}}