{"id":10747,"date":"2025-02-07T12:50:10","date_gmt":"2025-02-07T11:50:10","guid":{"rendered":"https:\/\/www.fingerfoodaffair.ch\/shop\/?post_type=product&#038;p=10747"},"modified":"2025-04-10T13:54:56","modified_gmt":"2025-04-10T11:54:56","slug":"gemueseplatte-mit-3-dips-p-100g","status":"publish","type":"product","link":"https:\/\/www.fingerfoodaffair.ch\/shop\/product\/gemueseplatte-mit-3-dips-p-100g\/","title":{"rendered":"Gem\u00fcseplatte mit 3 Dips p.100g"},"content":{"rendered":"<p><strong>je nach Gr\u00f6sse und Belag kann jede Platte optisch variieren<\/strong><\/p>\n<p>Gem\u00fcseplatte mit verschiedenen Gem\u00fcsesorten, die wir auch nach Wunsch belegen. Dazu 3 unterschiedliche Dips<\/p>\n","protected":false},"excerpt":{"rendered":"<p>je nach Gr\u00f6sse und Belag kann jede Platte optisch variieren Gem\u00fcseplatte mit verschiedenen Gem\u00fcsesorten, die wir auch nach Wunsch belegen. Dazu 3 unterschiedliche Dips<\/p>\n","protected":false},"featured_media":10733,"comment_status":"closed","ping_status":"closed","template":"","meta":{"_acf_changed":false},"product_brand":[],"product_cat":[262,324],"product_tag":[],"food_declaration":[],"class_list":{"0":"post-10747","1":"product","2":"type-product","3":"status-publish","4":"has-post-thumbnail","6":"product_cat-konfigurator","7":"product_cat-vegetarisch-vegan","9":"first","10":"instock","11":"shipping-taxable","12":"purchasable","13":"product-type-simple"},"acf":[],"_links":{"self":[{"href":"https:\/\/www.fingerfoodaffair.ch\/shop\/wp-json\/wp\/v2\/product\/10747"}],"collection":[{"href":"https:\/\/www.fingerfoodaffair.ch\/shop\/wp-json\/wp\/v2\/product"}],"about":[{"href":"https:\/\/www.fingerfoodaffair.ch\/shop\/wp-json\/wp\/v2\/types\/product"}],"replies":[{"embeddable":true,"href":"https:\/\/www.fingerfoodaffair.ch\/shop\/wp-json\/wp\/v2\/comments?post=10747"}],"wp:featuredmedia":[{"embeddable":true,"href":"https:\/\/www.fingerfoodaffair.ch\/shop\/wp-json\/wp\/v2\/media\/10733"}],"wp:attachment":[{"href":"https:\/\/www.fingerfoodaffair.ch\/shop\/wp-json\/wp\/v2\/media?parent=10747"}],"wp:term":[{"taxonomy":"product_brand","embeddable":true,"href":"https:\/\/www.fingerfoodaffair.ch\/shop\/wp-json\/wp\/v2\/product_brand?post=10747"},{"taxonomy":"product_cat","embeddable":true,"href":"https:\/\/www.fingerfoodaffair.ch\/shop\/wp-json\/wp\/v2\/product_cat?post=10747"},{"taxonomy":"product_tag","embeddable":true,"href":"https:\/\/www.fingerfoodaffair.ch\/shop\/wp-json\/wp\/v2\/product_tag?post=10747"},{"taxonomy":"food_declaration","embeddable":true,"href":"https:\/\/www.fingerfoodaffair.ch\/shop\/wp-json\/wp\/v2\/food_declaration?post=10747"}],"curies":[{"name":"wp","href":"https:\/\/api.w.org\/{rel}","templated":true}]}}