{"id":10746,"date":"2025-02-07T12:45:40","date_gmt":"2025-02-07T11:45:40","guid":{"rendered":"https:\/\/www.fingerfoodaffair.ch\/shop\/?post_type=product&#038;p=10746"},"modified":"2025-04-10T13:58:52","modified_gmt":"2025-04-10T11:58:52","slug":"kaeseplatte-p-100g","status":"publish","type":"product","link":"https:\/\/www.fingerfoodaffair.ch\/shop\/product\/kaeseplatte-p-100g\/","title":{"rendered":"K\u00e4seplatte p.100g"},"content":{"rendered":"<p>jede Platte kann je nach Wunsch optisch variieren<\/p>\n<p>K\u00e4seplatte mit gew\u00fcnschten K\u00e4sesorten<\/p>\n<p>zur Auswahl stehen: Hartk\u00e4se (Gruyere, Emmenthaler), Weichk\u00e4se (diverse Sorten), Mozzarella<\/p>\n<p>auf besondere W\u00fcnsche kann eingegangen werden<\/p>\n","protected":false},"excerpt":{"rendered":"<p>jede Platte kann je nach Wunsch optisch variieren K\u00e4seplatte mit gew\u00fcnschten K\u00e4sesorten zur Auswahl stehen: Hartk\u00e4se (Gruyere, Emmenthaler), Weichk\u00e4se (diverse Sorten), Mozzarella auf besondere W\u00fcnsche kann eingegangen werden<\/p>\n","protected":false},"featured_media":10739,"comment_status":"closed","ping_status":"closed","template":"","meta":{"_acf_changed":false},"product_brand":[],"product_cat":[262,324],"product_tag":[],"food_declaration":[],"class_list":{"0":"post-10746","1":"product","2":"type-product","3":"status-publish","4":"has-post-thumbnail","6":"product_cat-konfigurator","7":"product_cat-vegetarisch-vegan","9":"first","10":"instock","11":"shipping-taxable","12":"purchasable","13":"product-type-simple"},"acf":[],"_links":{"self":[{"href":"https:\/\/www.fingerfoodaffair.ch\/shop\/wp-json\/wp\/v2\/product\/10746"}],"collection":[{"href":"https:\/\/www.fingerfoodaffair.ch\/shop\/wp-json\/wp\/v2\/product"}],"about":[{"href":"https:\/\/www.fingerfoodaffair.ch\/shop\/wp-json\/wp\/v2\/types\/product"}],"replies":[{"embeddable":true,"href":"https:\/\/www.fingerfoodaffair.ch\/shop\/wp-json\/wp\/v2\/comments?post=10746"}],"wp:featuredmedia":[{"embeddable":true,"href":"https:\/\/www.fingerfoodaffair.ch\/shop\/wp-json\/wp\/v2\/media\/10739"}],"wp:attachment":[{"href":"https:\/\/www.fingerfoodaffair.ch\/shop\/wp-json\/wp\/v2\/media?parent=10746"}],"wp:term":[{"taxonomy":"product_brand","embeddable":true,"href":"https:\/\/www.fingerfoodaffair.ch\/shop\/wp-json\/wp\/v2\/product_brand?post=10746"},{"taxonomy":"product_cat","embeddable":true,"href":"https:\/\/www.fingerfoodaffair.ch\/shop\/wp-json\/wp\/v2\/product_cat?post=10746"},{"taxonomy":"product_tag","embeddable":true,"href":"https:\/\/www.fingerfoodaffair.ch\/shop\/wp-json\/wp\/v2\/product_tag?post=10746"},{"taxonomy":"food_declaration","embeddable":true,"href":"https:\/\/www.fingerfoodaffair.ch\/shop\/wp-json\/wp\/v2\/food_declaration?post=10746"}],"curies":[{"name":"wp","href":"https:\/\/api.w.org\/{rel}","templated":true}]}}