{"id":10719,"date":"2025-02-07T12:15:58","date_gmt":"2025-02-07T11:15:58","guid":{"rendered":"https:\/\/www.fingerfoodaffair.ch\/shop\/?post_type=product&#038;p=10719"},"modified":"2025-02-17T05:09:03","modified_gmt":"2025-02-17T04:09:03","slug":"warme-cremige-kuerbissuppe-vegetarisch","status":"publish","type":"product","link":"https:\/\/www.fingerfoodaffair.ch\/shop\/product\/warme-cremige-kuerbissuppe-vegetarisch\/","title":{"rendered":"warme cremige K\u00fcrbissuppe vegetarisch"},"content":{"rendered":"<p>K\u00fcrbiscremesuppe vom Hokkaidok\u00fcrbis<\/p>\n","protected":false},"excerpt":{"rendered":"<p>K\u00fcrbiscremesuppe vom Hokkaidok\u00fcrbis<\/p>\n","protected":false},"featured_media":0,"comment_status":"closed","ping_status":"closed","template":"","meta":{"_acf_changed":false},"product_brand":[],"product_cat":[323,324,325],"product_tag":[],"food_declaration":[],"class_list":{"0":"post-10719","1":"product","2":"type-product","3":"status-publish","5":"product_cat-suppen","6":"product_cat-vegetarisch-vegan","7":"product_cat-warmes-finger-food","9":"first","10":"instock","11":"shipping-taxable","12":"purchasable","13":"product-type-simple"},"acf":[],"_links":{"self":[{"href":"https:\/\/www.fingerfoodaffair.ch\/shop\/wp-json\/wp\/v2\/product\/10719"}],"collection":[{"href":"https:\/\/www.fingerfoodaffair.ch\/shop\/wp-json\/wp\/v2\/product"}],"about":[{"href":"https:\/\/www.fingerfoodaffair.ch\/shop\/wp-json\/wp\/v2\/types\/product"}],"replies":[{"embeddable":true,"href":"https:\/\/www.fingerfoodaffair.ch\/shop\/wp-json\/wp\/v2\/comments?post=10719"}],"wp:attachment":[{"href":"https:\/\/www.fingerfoodaffair.ch\/shop\/wp-json\/wp\/v2\/media?parent=10719"}],"wp:term":[{"taxonomy":"product_brand","embeddable":true,"href":"https:\/\/www.fingerfoodaffair.ch\/shop\/wp-json\/wp\/v2\/product_brand?post=10719"},{"taxonomy":"product_cat","embeddable":true,"href":"https:\/\/www.fingerfoodaffair.ch\/shop\/wp-json\/wp\/v2\/product_cat?post=10719"},{"taxonomy":"product_tag","embeddable":true,"href":"https:\/\/www.fingerfoodaffair.ch\/shop\/wp-json\/wp\/v2\/product_tag?post=10719"},{"taxonomy":"food_declaration","embeddable":true,"href":"https:\/\/www.fingerfoodaffair.ch\/shop\/wp-json\/wp\/v2\/food_declaration?post=10719"}],"curies":[{"name":"wp","href":"https:\/\/api.w.org\/{rel}","templated":true}]}}